{"id":2032,"date":"2017-05-18T11:16:56","date_gmt":"2017-05-18T11:16:56","guid":{"rendered":"http:\/\/dentalia.orionthemes.com\/new-demos\/demo-1\/?page_id=2032"},"modified":"2025-04-13T17:44:13","modified_gmt":"2025-04-13T17:44:13","slug":"dr-gudrun-zweiker","status":"publish","type":"page","link":"https:\/\/www.zweiker.at\/index.php\/dr-gudrun-zweiker\/","title":{"rendered":"Dr. Gudrun Zweiker"},"content":{"rendered":"<div id=\"pl-2032\"  class=\"panel-layout\" ><div id=\"pg-2032-0\"  class=\"panel-grid panel-has-style\" ><div class=\"siteorigin-panels-stretch divider-no-animation tablet-2-in-row mobile-1-in-row desktop-default custom panel-row-style panel-row-style-for-2032-0\" style=\"background-position: center center; background-repeat: no-repeat; background-size:cover;\" data-stretch-type=\"full\" ><div id=\"pgc-2032-0-0\"  class=\"panel-grid-cell\" ><div id=\"panel-2032-0-0-0\" class=\"so-panel widget widget_orion_image_w panel-first-child panel-last-child\" data-index=\"0\" ><div class=\"orion custom default panel-widget-style panel-widget-style-for-2032-0-0-0\" ><div\n\t\t\t\n\t\t\tclass=\"so-widget-orion_image_w so-widget-orion_image_w-base\"\n\t\t\t\n\t\t>\r\n<div class=\"image-w relative rounded\">\r\n\r\n\t\t\t\t\t\t\t<div class=\"orion_circle image-wrap rounded overlay-none overlay-hover-none\">\r\n\t\t\r\n\t\t\t\t<div class=\"circle-wrap\">\r\n\t\t\t\t\t<img loading=\"lazy\" decoding=\"async\" width=\"400\" height=\"400\" src=\"https:\/\/www.zweiker.at\/wp-content\/uploads\/2024\/07\/0008RZweiker-Gudrun-Kopie.jpg\" class=\"attachment-orion_square size-orion_square\" alt=\"\" \/>\t\t\t<div class=\"overlay\"><\/div>\r\n\t\t\t\t<\/div>\r\n\t\t\r\n\t\t\t\t\t<\/div>\r\n\t\t\t\r\n\t\r\n\t<div class=\"absolute\">\r\n\t\t<div class=\"hover-desc table-wrap\">\r\n\t\t\t<div class=\"cell-wrap\">\r\n\t\t\t\t<h4 class=\"text-light\"><\/h4>\r\n\t\t\t<\/div>\r\n\t\t<\/div>\r\n\t<\/div>\t\t\t\t\t\r\n<\/div>\r\n\r\n<\/div><\/div><\/div><\/div><div id=\"pgc-2032-0-1\"  class=\"panel-grid-cell\" ><div id=\"panel-2032-0-1-0\" class=\"so-panel widget widget_orion_heading_w panel-first-child\" data-index=\"1\" ><div class=\"orion custom default panel-widget-style panel-widget-style-for-2032-0-1-0\" ><div\n\t\t\t\n\t\t\tclass=\"so-widget-orion_heading_w so-widget-orion_heading_w-base\"\n\t\t\t\n\t\t> \r\n\t\t\t<div class=\"row orion-heading\" style=\"margin-bottom:0px;\">\r\n\t\t<div class=\"col-md-12   text-left style-h2 style-text-default\">\r\n\t\t\t<h2 class=\"text-default\">\r\n\t\t\t\tDr.med.univ. Gudrun Zweiker\t\t\t<\/h2>\r\n\t\t<\/div>\r\n\t<\/div>\r\n\r\n\t<\/div><\/div><\/div><div id=\"panel-2032-0-1-1\" class=\"so-panel widget widget_sow-editor panel-last-child\" data-index=\"2\" ><div class=\"orion custom default panel-widget-style panel-widget-style-for-2032-0-1-1\" ><div\n\t\t\t\n\t\t\tclass=\"so-widget-sow-editor so-widget-sow-editor-base\"\n\t\t\t\n\t\t>\n<div class=\"siteorigin-widget-tinymce textwidget\">\n\t<p>Seit 2002 ist Dr. Gudrun Zweiker als Allgemeinmedizinerin in der Ordination in Straden t\u00e4tig.<\/p>\n<\/div>\n<\/div><\/div><\/div><\/div><\/div><\/div><div id=\"pg-2032-1\"  class=\"panel-grid panel-has-style\" ><div class=\"divider-no-animation tablet-default mobile-default desktop-default custom panel-row-style panel-row-style-for-2032-1\" ><div id=\"pgc-2032-1-0\"  class=\"panel-grid-cell\" ><div id=\"panel-2032-1-0-0\" class=\"so-panel widget widget_orion_timeline_w panel-first-child panel-last-child\" data-index=\"3\" ><div class=\"orion custom default panel-widget-style panel-widget-style-for-2032-1-0-0\" ><div\n\t\t\t\n\t\t\tclass=\"so-widget-orion_timeline_w so-widget-orion_timeline_w-base\"\n\t\t\t\n\t\t>\r\n<div class=\"timeline text-dark\">\r\n\t\t\r\n\t    <div class=\"timeline-item primary-color \">\r\n        <div class=\"timeline-year font-2 white-rgba white-rgba-bg text-center \">\r\n        <span class=\" text-dark\">1964<\/span>\r\n        <\/div>\r\n    \t<div class=\"timeline-content\">\r\n        \t<h3 class=\"item-title\">Geburt<\/h3>\r\n        \t<div class=\"timeline-text text-dark\"><\/div>\r\n   \t\t<\/div>\r\n\t<\/div>\r\n\t\t\r\n\t    <div class=\"timeline-item primary-color \">\r\n        <div class=\"timeline-year font-2 white-rgba white-rgba-bg text-center \">\r\n        <span class=\" text-dark\">1990<\/span>\r\n        <\/div>\r\n    \t<div class=\"timeline-content\">\r\n        \t<h3 class=\"item-title\">Promotion zum Dr. med.univ.<\/h3>\r\n        \t<div class=\"timeline-text text-dark\"><\/div>\r\n   \t\t<\/div>\r\n\t<\/div>\r\n\t\t\r\n\t    <div class=\"timeline-item primary-color \">\r\n        <div class=\"timeline-year font-2 white-rgba white-rgba-bg text-center \">\r\n        <span class=\" text-dark\">1993-1996<\/span>\r\n        <\/div>\r\n    \t<div class=\"timeline-content\">\r\n        \t<h3 class=\"item-title\">Ausbildung zum Facharzt f\u00fcr Allgemeinmedizin<\/h3>\r\n        \t<div class=\"timeline-text text-dark\"><\/div>\r\n   \t\t<\/div>\r\n\t<\/div>\r\n\t\t\r\n\t    <div class=\"timeline-item primary-color \">\r\n        <div class=\"timeline-year font-2 white-rgba white-rgba-bg text-center \">\r\n        <span class=\" text-dark\">1996<\/span>\r\n        <\/div>\r\n    \t<div class=\"timeline-content\">\r\n        \t<h3 class=\"item-title\">Jus practicandi<\/h3>\r\n        \t<div class=\"timeline-text text-dark\"><\/div>\r\n   \t\t<\/div>\r\n\t<\/div>\r\n\t\t\r\n\t    <div class=\"timeline-item primary-color \">\r\n        <div class=\"timeline-year font-2 white-rgba white-rgba-bg text-center \">\r\n        <span class=\" text-dark\">1996-2001<\/span>\r\n        <\/div>\r\n    \t<div class=\"timeline-content\">\r\n        \t<h3 class=\"item-title\">Stations\u00e4rztin und Assistenz\u00e4rztin f\u00fcr Neurologie<\/h3>\r\n        \t<div class=\"timeline-text text-dark\">Sigmund Freud Klinik Graz<\/div>\r\n   \t\t<\/div>\r\n\t<\/div>\r\n\t\t\r\n\t    <div class=\"timeline-item primary-color  highlight\">\r\n        <div class=\"timeline-year font-2 primary-color primary-color-bg text-center \">\r\n        <span class=\"text-bold text-light\">2002<\/span>\r\n        <\/div>\r\n    \t<div class=\"timeline-content\">\r\n        \t<h3 class=\"item-title\">Ordinationsgr\u00fcndung in Straden<\/h3>\r\n        \t<div class=\"timeline-text text-dark\"><\/div>\r\n   \t\t<\/div>\r\n\t<\/div>\r\n\t\t\r\n\t    <div class=\"timeline-item primary-color \">\r\n        <div class=\"timeline-year font-2 white-rgba white-rgba-bg text-center \">\r\n        <span class=\" text-dark\">2019<\/span>\r\n        <\/div>\r\n    \t<div class=\"timeline-content\">\r\n        \t<h3 class=\"item-title\">Bezirks\u00e4rztevertreterin S\u00fcdoststeiermark<\/h3>\r\n        \t<div class=\"timeline-text text-dark\"><\/div>\r\n   \t\t<\/div>\r\n\t<\/div>\r\n\t\t\r\n\t    <div class=\"timeline-item primary-color \">\r\n        <div class=\"timeline-year font-2 white-rgba white-rgba-bg text-center \">\r\n        <span class=\" text-dark\">2022<\/span>\r\n        <\/div>\r\n    \t<div class=\"timeline-content\">\r\n        \t<h3 class=\"item-title\">Kurienobmann-Stellvertreterin der \u00c4rztekammer f\u00fcr Steiermark<\/h3>\r\n        \t<div class=\"timeline-text text-dark\"><\/div>\r\n   \t\t<\/div>\r\n\t<\/div>\r\n\t\t\r\n\t    <div class=\"timeline-item primary-color \">\r\n        <div class=\"timeline-year font-2 white-rgba white-rgba-bg text-center \">\r\n        <span class=\" text-dark\">2025<\/span>\r\n        <\/div>\r\n    \t<div class=\"timeline-content\">\r\n        \t<h3 class=\"item-title\">Fach\u00e4rztin f\u00fcr Allgemeinmedizin und Familienmedizin<\/h3>\r\n        \t<div class=\"timeline-text text-dark\"><\/div>\r\n   \t\t<\/div>\r\n\t<\/div>\r\n\t<\/div><\/div><\/div><\/div><\/div><\/div><\/div><div id=\"pg-2032-2\"  class=\"panel-grid panel-has-style\" ><div class=\"divider-no-animation tablet-default mobile-default desktop-default custom panel-row-style panel-row-style-for-2032-2\" ><div id=\"pgc-2032-2-0\"  class=\"panel-grid-cell\" ><div id=\"panel-2032-2-0-0\" class=\"so-panel widget widget_orion_heading_w panel-first-child\" data-index=\"4\" ><div class=\"orion custom default panel-widget-style panel-widget-style-for-2032-2-0-0\" ><div\n\t\t\t\n\t\t\tclass=\"so-widget-orion_heading_w so-widget-orion_heading_w-base\"\n\t\t\t\n\t\t> \r\n\t\t\t<div class=\"row orion-heading\" style=\"margin-bottom:0px;\">\r\n\t\t<div class=\"col-md-12  separator-style-1 text-center style-h2 style-text-default\">\r\n\t\t\t<h2 class=\"text-default\">\r\n\t\t\t\tDiplome und Zertifikate\t\t\t<\/h2>\r\n\t\t<\/div>\r\n\t<\/div>\r\n\r\n\t<\/div><\/div><\/div><div id=\"panel-2032-2-0-1\" class=\"so-panel widget widget_orion_simple_gallery panel-last-child\" data-index=\"5\" ><div class=\"orion custom default panel-widget-style panel-widget-style-for-2032-2-0-1\" ><div\n\t\t\t\n\t\t\tclass=\"so-widget-orion_simple_gallery so-widget-orion_simple_gallery-base\"\n\t\t\t\n\t\t><div class=\"row orion-simple-gallery grid\">\r\n\r\n\r\n\t<div class=\"wrapper\">\t\r\n\t\t\t\t\t\t\t\t\t\t\t\t\t<div class=\"col-lg-3 col-md-3 col-sm-6 col-xs-12\">\r\n\t\t\t\t<div class=\"image-w relative\">\r\n\r\n\t\t\t\t\t\t\t\t\t\t\t\t\t\t\t\t\t\t\t\t<a rel=\"69ecb43dac65a\" data-fancybox=\"69ecb43dac65a\" class=\" overlay-none overlay-hover-none scale-none\" href=\"https:\/\/www.zweiker.at\/wp-content\/uploads\/2022\/05\/fortbildungsdiplom_neu-1024x712.jpg\" data-caption=\"\" title=\"\" >\r\n\t\t\t\t\t\t\t\t\t\t\t\t\t\r\n\t\t\t\t\t\t\t\t\t\t\t\t\t<img loading=\"lazy\" decoding=\"async\" width=\"1618\" height=\"1125\" src=\"https:\/\/www.zweiker.at\/wp-content\/uploads\/2022\/05\/fortbildungsdiplom_neu.jpg\" class=\"attachment- size-\" alt=\"\" \/>\t\t\t\t\t\t\t<div class=\"overlay\"><\/div>\r\n\t\t\t\t\t\t\r\n\t\t\t\t\t\t\t\t\t\t\t\t\t<\/a>\r\n\t\t\t\t\t\t\t\r\n\t\t\t\t\t\r\n\t\t\t\t\t<div class=\"absolute\">\r\n\t\t\t\t\t\t\r\n\t\t\t\t\t<\/div>\t\t\t\t\t\r\n\t\t\t\t<\/div>\r\n\t\t\t<\/div>\r\n\t\t\t\t\t\t\t\t<div class=\"col-lg-3 col-md-3 col-sm-6 col-xs-12\">\r\n\t\t\t\t<div class=\"image-w relative\">\r\n\r\n\t\t\t\t\t\t\t\t\t\t\t\t\t\t\t\t\t\t\t\t<a rel=\"69ecb43dac65a\" data-fancybox=\"69ecb43dac65a\" class=\" overlay-none overlay-hover-none scale-none\" href=\"https:\/\/www.zweiker.at\/wp-content\/uploads\/2022\/01\/notarzt-725x1024.jpg\" data-caption=\"\" title=\"\" >\r\n\t\t\t\t\t\t\t\t\t\t\t\t\t\r\n\t\t\t\t\t\t\t\t\t\t\t\t\t<img loading=\"lazy\" decoding=\"async\" width=\"1813\" height=\"2560\" src=\"https:\/\/www.zweiker.at\/wp-content\/uploads\/2022\/01\/notarzt-scaled.jpg\" class=\"attachment- size-\" alt=\"\" \/>\t\t\t\t\t\t\t<div class=\"overlay\"><\/div>\r\n\t\t\t\t\t\t\r\n\t\t\t\t\t\t\t\t\t\t\t\t\t<\/a>\r\n\t\t\t\t\t\t\t\r\n\t\t\t\t\t\r\n\t\t\t\t\t<div class=\"absolute\">\r\n\t\t\t\t\t\t\r\n\t\t\t\t\t<\/div>\t\t\t\t\t\r\n\t\t\t\t<\/div>\r\n\t\t\t<\/div>\r\n\t\t\t\t\t\t\t\t<div class=\"col-lg-3 col-md-3 col-sm-6 col-xs-12\">\r\n\t\t\t\t<div class=\"image-w relative\">\r\n\r\n\t\t\t\t\t\t\t\t\t\t\t\t\t\t\t\t\t\t\t\t<a rel=\"69ecb43dac65a\" data-fancybox=\"69ecb43dac65a\" class=\" overlay-none overlay-hover-none scale-none\" href=\"https:\/\/www.zweiker.at\/wp-content\/uploads\/2022\/01\/hypertonie-767x1024.jpg\" data-caption=\"\" title=\"\" >\r\n\t\t\t\t\t\t\t\t\t\t\t\t\t\r\n\t\t\t\t\t\t\t\t\t\t\t\t\t<img loading=\"lazy\" decoding=\"async\" width=\"1917\" height=\"2560\" src=\"https:\/\/www.zweiker.at\/wp-content\/uploads\/2022\/01\/hypertonie-scaled.jpg\" class=\"attachment- size-\" alt=\"\" \/>\t\t\t\t\t\t\t<div class=\"overlay\"><\/div>\r\n\t\t\t\t\t\t\r\n\t\t\t\t\t\t\t\t\t\t\t\t\t<\/a>\r\n\t\t\t\t\t\t\t\r\n\t\t\t\t\t\r\n\t\t\t\t\t<div class=\"absolute\">\r\n\t\t\t\t\t\t\r\n\t\t\t\t\t<\/div>\t\t\t\t\t\r\n\t\t\t\t<\/div>\r\n\t\t\t<\/div>\r\n\t\t\t\t\t\t\t\t<div class=\"col-lg-3 col-md-3 col-sm-6 col-xs-12\">\r\n\t\t\t\t<div class=\"image-w relative\">\r\n\r\n\t\t\t\t\t\t\t\t\t\t\t\t\t\t\t\t\t\t\t\t<a rel=\"69ecb43dac65a\" data-fancybox=\"69ecb43dac65a\" class=\" overlay-none overlay-hover-none scale-none\" href=\"https:\/\/www.zweiker.at\/wp-content\/uploads\/2024\/01\/Praxisdiplom-1024x724.jpg\" data-caption=\"\" title=\"\" >\r\n\t\t\t\t\t\t\t\t\t\t\t\t\t\r\n\t\t\t\t\t\t\t\t\t\t\t\t\t<img loading=\"lazy\" decoding=\"async\" width=\"1500\" height=\"1061\" src=\"https:\/\/www.zweiker.at\/wp-content\/uploads\/2024\/01\/Praxisdiplom.jpg\" class=\"attachment- size-\" alt=\"\" \/>\t\t\t\t\t\t\t<div class=\"overlay\"><\/div>\r\n\t\t\t\t\t\t\r\n\t\t\t\t\t\t\t\t\t\t\t\t\t<\/a>\r\n\t\t\t\t\t\t\t\r\n\t\t\t\t\t\r\n\t\t\t\t\t<div class=\"absolute\">\r\n\t\t\t\t\t\t\r\n\t\t\t\t\t<\/div>\t\t\t\t\t\r\n\t\t\t\t<\/div>\r\n\t\t\t<\/div>\r\n\t\t\t\t\r\n\t\t\r\n\t<\/div>\r\n<\/div><\/div><\/div><\/div><\/div><\/div><\/div><\/div>","protected":false},"excerpt":{"rendered":"<p>Seit 2002 ist Dr. Gudrun Zweiker als Allgemeinmedizinerin in der Ordination in Straden t\u00e4tig.<\/p>\n","protected":false},"author":1,"featured_media":0,"parent":0,"menu_order":0,"comment_status":"closed","ping_status":"closed","template":"","meta":{"footnotes":""},"class_list":["post-2032","page","type-page","status-publish","hentry"],"publishpress_future_action":{"enabled":false,"date":"2026-05-02 12:31:57","action":"change-status","newStatus":"draft","terms":[],"taxonomy":""},"publishpress_future_workflow_manual_trigger":{"enabledWorkflows":[]},"_links":{"self":[{"href":"https:\/\/www.zweiker.at\/index.php\/wp-json\/wp\/v2\/pages\/2032","targetHints":{"allow":["GET"]}}],"collection":[{"href":"https:\/\/www.zweiker.at\/index.php\/wp-json\/wp\/v2\/pages"}],"about":[{"href":"https:\/\/www.zweiker.at\/index.php\/wp-json\/wp\/v2\/types\/page"}],"author":[{"embeddable":true,"href":"https:\/\/www.zweiker.at\/index.php\/wp-json\/wp\/v2\/users\/1"}],"replies":[{"embeddable":true,"href":"https:\/\/www.zweiker.at\/index.php\/wp-json\/wp\/v2\/comments?post=2032"}],"version-history":[{"count":40,"href":"https:\/\/www.zweiker.at\/index.php\/wp-json\/wp\/v2\/pages\/2032\/revisions"}],"predecessor-version":[{"id":3399,"href":"https:\/\/www.zweiker.at\/index.php\/wp-json\/wp\/v2\/pages\/2032\/revisions\/3399"}],"wp:attachment":[{"href":"https:\/\/www.zweiker.at\/index.php\/wp-json\/wp\/v2\/media?parent=2032"}],"curies":[{"name":"wp","href":"https:\/\/api.w.org\/{rel}","templated":true}]}}